{"id":19054,"date":"2016-12-05T16:27:47","date_gmt":"2016-12-05T15:27:47","guid":{"rendered":"https:\/\/www.rcp-ranstadt.com\/kontakt\/"},"modified":"2024-10-15T21:53:20","modified_gmt":"2024-10-15T19:53:20","slug":"kontakt","status":"publish","type":"page","link":"https:\/\/www.rcp-ranstadt.com\/de\/kontakt\/","title":{"rendered":"Kontakt"},"content":{"rendered":"<div class=\"vgblk-rw-wrapper limit-wrapper\">\n\n\t<h2>Rufen Sie uns an<br \/>\n<strong>oder f\u00fcllen Sie bitte das Kontaktformular aus<\/strong><\/h2>\n<h4>\n\t\t\t<a href=\"tel:%20+49%20604%20180%2020\" title=\"+49 6041 8020\" target=\"_self\" rel=\"noopener\">\n\t+49 6041 8020\n\t\t\t<\/a>\n\t<\/h4>\n\t<p>Z\u00f6gern Sie nicht, uns zu kontaktieren!<\/p>\n<h4>\n\t\u00d6ffnungszeiten\n\t<\/h4>\n\t<p>Mon &#8211; Frei: 8:00 &#8211; 17:00 \/ An Wochenenden geschlossen<\/p>\n<h4>\n\tRCP Ranstadt GmbH\n\t<\/h4>\n\tBahnhofstrasse 25,<br \/>\nD-63691 Ranstadt\n\tHinweis: F\u00fcr diesen Inhalt ist JavaScript erforderlich.\n        <!-- That data is being printed as a workaround to page builders reordering the order of the scripts loaded-->\n\t\t<iframe src=\"https:\/\/maps.google.com\/maps?q=RCP+Ranstadt+GmbH&#038;iwloc=near&#038;output=embed\" height=\"480\" frameborder=\"0\" loading=\"lazy\"><\/iframe>\n<h5>\n\tUNTERNEHMEN\n\t<\/h5>\n\t<h2>70 JAHRE<br \/>\n<strong>SERVICE-ERFAHRUNG<br \/>\n<\/strong><\/h2>\n\t<p>Von seinem Standort im Herzen Europas aus hat sich RCP <strong>seit 1953<\/strong> zu einem f\u00fchrenden <strong>europ\u00e4ischen Auftragsfertiger<\/strong> und <strong>Handelsmarkenproduzenten<\/strong> entwickelt, vorwiegend f\u00fcr die Kategorien K\u00f6rperpflege und Haushaltsmittel.<\/p>\n<p>RCP inspiriert <strong>FMCG-Marken<\/strong>, <strong>Einzelh\u00e4ndler<\/strong> und Endverbraucher mit <strong>exzellenter Produktqualit\u00e4t und nachhaltigen Verpackungsl\u00f6sungen<\/strong> Made in Germany.<\/p>\n<p>RCP-Produkte sind <strong>in ganz Europa und sogar weltweit<\/strong> erh\u00e4ltlich, da etwa 50 % der Endverbraucherprodukte au\u00dferhalb der DACH-Region abgesetzt werden.n.<\/p>\n\t\t\t<a href=\"\" target=\"_self\" rel=\"noopener\">\n\t\t\t\t\t\t\tMehr erfahren\n\t\t\t\t\t<\/a>\n\tSeit 1953<br \/>\nAUFTRAGSFERTIGUNG (CONTRACT MANUFACTURING) &amp;<br \/>\nEIGENMARKEN (PRIVATE LABLE) F\u00dcR IHRE MARKE\n\t\t\t\t<a href=\"\/\" target=\"_self\" itemprop=\"url\" title=\"RCP-1-1500\" rel=\"noopener\">\n\t\t\t\t\t\t\t<img fetchpriority=\"high\" fetchpriority=\"high\" decoding=\"async\" src=\"https:\/\/www.rcp-ranstadt.com\/wp-content\/uploads\/2017\/07\/RCP-1-1500.png\" alt=\"RCP-1-1500\" itemprop=\"image\" height=\"792\" width=\"1500\" data-link-type=\"url\" title=\"RCP-1-1500\" onerror=\"this.style.display='none'\"  sizes=\"(max-width: 768px) 100vw, 100vw\" srcset=\"https:\/\/www.rcp-ranstadt.com\/wp-content\/uploads\/2017\/07\/RCP-1-1500.png 1500w, https:\/\/www.rcp-ranstadt.com\/wp-content\/uploads\/2017\/07\/RCP-1-1500-300x158.png 300w, https:\/\/www.rcp-ranstadt.com\/wp-content\/uploads\/2017\/07\/RCP-1-1500-1024x541.png 1024w, https:\/\/www.rcp-ranstadt.com\/wp-content\/uploads\/2017\/07\/RCP-1-1500-768x406.png 768w, https:\/\/www.rcp-ranstadt.com\/wp-content\/uploads\/2017\/07\/RCP-1-1500-1400x739.png 1400w, https:\/\/www.rcp-ranstadt.com\/wp-content\/uploads\/2017\/07\/RCP-1-1500-700x370.png 700w, https:\/\/www.rcp-ranstadt.com\/wp-content\/uploads\/2017\/07\/RCP-1-1500-466x246.png 466w, https:\/\/www.rcp-ranstadt.com\/wp-content\/uploads\/2017\/07\/RCP-1-1500-933x493.png 933w, https:\/\/www.rcp-ranstadt.com\/wp-content\/uploads\/2017\/07\/RCP-1-1500-350x185.png 350w\" \/>\t\t\t\t\t\t<\/a>\n\t<a href=\"\/de\/kontakt\/\" target=\"_self\" role=\"button\" rel=\"noopener\">\n\t\t\t\t\tKontaktformular\n\t<\/a>\n<h5>\n\tRCP Ranstadt GmbH\n\t<\/h5>\n\tBahnhofstrasse 25,<br \/>\nD-63691 Ranstadt\n<p>Tel. <a href=\"tel:+49%206041%208020\" target=\"_blank\" rel=\"noopener\">+49 6041 8020<\/a><\/p>\n\t<p>\u00a9 2023 RCP Ranstadt GmbH \u2219 Web by <a href=\"https:\/\/b2-performance.es\" target=\"_blank\" rel=\"noopener\">B2 Performance<\/a> \u2219 <a href=\"https:\/\/www.rcp-ranstadt.com\/de\/datenschutzerklaerung-eu\/?cmplz_region_redirect=true\">Datenschutz<\/a> \u2219 <a href=\"https:\/\/www.rcp-ranstadt.com\/de\/agbs\/\">AGBs<\/a> \u2219 <a href=\"https:\/\/www.rcp-ranstadt.com\/de\/impressum\/\">Impressum<\/a><\/p>\n\n<\/div><!-- .vgblk-rw-wrapper -->","protected":false},"excerpt":{"rendered":"<p>Rufen Sie uns an oder f\u00fcllen Sie bitte das Kontaktformular aus +49 6041 8020 Z\u00f6gern Sie nicht, uns zu kontaktieren! \u00d6ffnungszeiten Mon &#8211; Frei: 8:00 &#8211; 17:00 \/ An Wochenenden geschlossen RCP Ranstadt GmbH Bahnhofstrasse 25, D-63691 Ranstadt Hinweis: F\u00fcr diesen Inhalt ist JavaScript erforderlich. UNTERNEHMEN 70 JAHRE SERVICE-ERFAHRUNG Von seinem Standort im Herzen Europas&#8230;<\/p>\n","protected":false},"author":1,"featured_media":0,"parent":0,"menu_order":0,"comment_status":"closed","ping_status":"closed","template":"","meta":{"inline_featured_image":false,"footnotes":""},"class_list":["post-19054","page","type-page","status-publish","hentry"],"jetpack_sharing_enabled":true,"_links":{"self":[{"href":"https:\/\/www.rcp-ranstadt.com\/de\/wp-json\/wp\/v2\/pages\/19054","targetHints":{"allow":["GET"]}}],"collection":[{"href":"https:\/\/www.rcp-ranstadt.com\/de\/wp-json\/wp\/v2\/pages"}],"about":[{"href":"https:\/\/www.rcp-ranstadt.com\/de\/wp-json\/wp\/v2\/types\/page"}],"author":[{"embeddable":true,"href":"https:\/\/www.rcp-ranstadt.com\/de\/wp-json\/wp\/v2\/users\/1"}],"replies":[{"embeddable":true,"href":"https:\/\/www.rcp-ranstadt.com\/de\/wp-json\/wp\/v2\/comments?post=19054"}],"version-history":[{"count":3,"href":"https:\/\/www.rcp-ranstadt.com\/de\/wp-json\/wp\/v2\/pages\/19054\/revisions"}],"predecessor-version":[{"id":21550,"href":"https:\/\/www.rcp-ranstadt.com\/de\/wp-json\/wp\/v2\/pages\/19054\/revisions\/21550"}],"wp:attachment":[{"href":"https:\/\/www.rcp-ranstadt.com\/de\/wp-json\/wp\/v2\/media?parent=19054"}],"curies":[{"name":"wp","href":"https:\/\/api.w.org\/{rel}","templated":true}]}}