{"id":19003,"date":"2023-06-19T07:11:32","date_gmt":"2023-06-19T05:11:32","guid":{"rendered":"https:\/\/www.rcp-ranstadt.com\/unsere-leistungen\/"},"modified":"2024-11-07T09:18:54","modified_gmt":"2024-11-07T08:18:54","slug":"unsere-leistungen","status":"publish","type":"page","link":"https:\/\/www.rcp-ranstadt.com\/de\/unsere-leistungen\/","title":{"rendered":"UNSERE LEISTUNGEN"},"content":{"rendered":"\t\t<div data-elementor-type=\"wp-page\" data-elementor-id=\"19003\" class=\"elementor elementor-19003 elementor-17462\">\n\t\t\t\t<div class=\"elementor-element elementor-element-3ffe1427 e-flex e-con-boxed e-con e-parent\" data-id=\"3ffe1427\" data-element_type=\"container\">\n\t\t\t\t\t<div class=\"e-con-inner\">\n\t\t\t\t<div class=\"elementor-element elementor-element-263ef46c elementor-widget elementor-widget-text-editor\" data-id=\"263ef46c\" data-element_type=\"widget\" data-widget_type=\"text-editor.default\">\n\t\t\t\t<div class=\"elementor-widget-container\">\n\t\t\t<style>\/*! elementor - v3.21.0 - 26-05-2024 *\/\n.elementor-widget-text-editor.elementor-drop-cap-view-stacked .elementor-drop-cap{background-color:#69727d;color:#fff}.elementor-widget-text-editor.elementor-drop-cap-view-framed .elementor-drop-cap{color:#69727d;border:3px solid;background-color:transparent}.elementor-widget-text-editor:not(.elementor-drop-cap-view-default) .elementor-drop-cap{margin-top:8px}.elementor-widget-text-editor:not(.elementor-drop-cap-view-default) .elementor-drop-cap-letter{width:1em;height:1em}.elementor-widget-text-editor .elementor-drop-cap{float:left;text-align:center;line-height:1;font-size:50px}.elementor-widget-text-editor .elementor-drop-cap-letter{display:inline-block}<\/style>\t\t\t\t\n<h2>AUFTRAGSFERTIGUNG<\/h2>\n<p>RCP bietet hochwertige Komplettl\u00f6sungen f\u00fcr die <a href=\"https:\/\/www.rcp-ranstadt.com\/de\/lohnherstellung\/\">Lohnsherstellung<\/a> an, die Produktentwicklungen, Stabilit\u00e4tstests, Beschaffung, Massenmischung, Abf\u00fcllung und Verpackung inkludieren.<\/p>\n<p>Mit modernen Produktionsanlagen bieten wir flexible und hocheffiziente Fertigungsm\u00f6glichkeiten f\u00fcr verschiedene Produktkategorien wie K\u00f6rperpflege, Reinigungsmittel und Haushaltsmittel an.<\/p>\n<p>Neben unserem Qualit\u00e4tsbewusstsein haben wir uns zur Nachhaltigkeit verpflichtet und bieten unseren Kunden verschiedene umweltfreundliche Verpackungsalternativen, die es erm\u00f6glichen, Produkte nach umweltbewussten Kriterien zu produzieren.<\/p>\n<p>RCP ist somit ein zuverl\u00e4ssiger Partner in der Auftragsfertigung, der Ihnen bei jedem Schritt hervorragende Leistung liefert.<\/p>\n<h2>PRODUKTION VON HANDELSMARKEN<\/h2>\n<p>RCP ist Ihr engagierter Partner f\u00fcr die Produktion von Handelsmarken.<\/p>\n<p>Wir bieten ma\u00dfgeschneiderte Verpackungsl\u00f6sungen f\u00fcr Einzelhandelsketten, Discounter und Drogerien, damit Ihre Marke in den Regalen heraussticht.<\/p>\n<p>Mit einer breiten Palette von Produkten aus den Bereichen K\u00f6rperpflege, Haushaltspflege und Reinigungsmittel k\u00f6nnen wir Ihnen Produkte anbieten, die speziell auf Ihre Bed\u00fcrfnisse abgestimmt sind.<\/p>\n<p>Unser Engagement f\u00fcr Nachhaltigkeit und Qualit\u00e4t beginnt bei der Produktentwicklung und endet bei der Produktion, sodass jeder Artikel den h\u00f6chsten Branchenstandards entspricht.<\/p>\n<p>Mit RCP k\u00f6nnen Sie sich auf eine exzellente <a href=\"\/private-label-produkte\/\">Private-Label-Produktion<\/a> verlassen, die Ihre Marke hervorhebt und Ihre Kunden begeistert.<\/p>\n<h2>UNSER FULL-SERVICE-ANGEBOT<\/h2>\n<p>RCP ist ein <strong>vertrauensw\u00fcrdiger Partner<\/strong>, der fundierte Branchenkenntnisse und technologisches Know-how vereint, um hervorragende Ergebnisse zu erzielen.<\/p>\n<p>Unser Expertenteam arbeitet von der Ideenfindung bis zur Produktion <strong>pr\u00e4zise<\/strong> an jedem Schritt des Prozesses und gew\u00e4hrleistet so ein H\u00f6chstma\u00df an Qualit\u00e4t und Einheitlichkeit.<\/p>\n<p>RCP engagiert sich f\u00fcr nachhaltige Verfahren und setzt auf Innovation, indem wir <strong>umweltfreundliche Methoden<\/strong> in unsere Produktionsprozesse integrieren. Unser wichtigstes Ziel ist es, unseren Kunden <strong>zuverl\u00e4ssiges<\/strong>, <strong>kosteneffizientes<\/strong> und <strong>zukunftsorientiertes<\/strong> <a href=\"https:\/\/www.rcp-ranstadt.com\/de\/full-service-angebot\/\">Full-Service-Angebot<\/a> zu bieten, ohne dabei Kompromisse bei Qualit\u00e4t und Nachhaltigkeit einzugehen.<\/p>\n<p>Mit <a href=\"https:\/\/www.rcp-ranstadt.com\/de\/\">RCP<\/a> w\u00e4hlen Sie nicht nur einen Dienstleister, sondern einen <strong>zuverl\u00e4ssigen Partner, der sich f\u00fcr den Erfolg Ihrer Marke einsetzt.<\/strong><\/p>\n<p><img fetchpriority=\"high\" decoding=\"async\" title=\"Beschaffung\" src=\"http:\/\/www.rcp-ranstadt.com\/wp-content\/uploads\/2024\/01\/Beschaffung.png\" sizes=\"(max-width: 768px) 100vw, 100vw\" srcset=\"https:\/\/www.rcp-ranstadt.com\/wp-content\/uploads\/2024\/01\/Beschaffung.png 584w, https:\/\/www.rcp-ranstadt.com\/wp-content\/uploads\/2024\/01\/Beschaffung-297x300.png 297w, https:\/\/www.rcp-ranstadt.com\/wp-content\/uploads\/2024\/01\/Beschaffung-466x471.png 466w, https:\/\/www.rcp-ranstadt.com\/wp-content\/uploads\/2024\/01\/Beschaffung-350x354.png 350w, https:\/\/www.rcp-ranstadt.com\/wp-content\/uploads\/2024\/01\/Beschaffung-100x100.png 100w\" alt=\"RCP Beschaffung\" width=\"584\" height=\"590\" \/> <img decoding=\"async\" title=\"MISCHUNG\" src=\"http:\/\/www.rcp-ranstadt.com\/wp-content\/uploads\/2024\/01\/MISCHUNG.png\" sizes=\"(max-width: 768px) 100vw, 100vw\" srcset=\"https:\/\/www.rcp-ranstadt.com\/wp-content\/uploads\/2024\/01\/MISCHUNG.png 584w, https:\/\/www.rcp-ranstadt.com\/wp-content\/uploads\/2024\/01\/MISCHUNG-300x298.png 300w, https:\/\/www.rcp-ranstadt.com\/wp-content\/uploads\/2024\/01\/MISCHUNG-150x150.png 150w, https:\/\/www.rcp-ranstadt.com\/wp-content\/uploads\/2024\/01\/MISCHUNG-466x463.png 466w, https:\/\/www.rcp-ranstadt.com\/wp-content\/uploads\/2024\/01\/MISCHUNG-350x348.png 350w, https:\/\/www.rcp-ranstadt.com\/wp-content\/uploads\/2024\/01\/MISCHUNG-100x100.png 100w\" alt=\"Produktmischung\" width=\"584\" height=\"580\" \/> <img decoding=\"async\" title=\"Verpackung\" src=\"http:\/\/www.rcp-ranstadt.com\/wp-content\/uploads\/2024\/01\/Verpackung.png\" sizes=\"(max-width: 768px) 100vw, 100vw\" srcset=\"https:\/\/www.rcp-ranstadt.com\/wp-content\/uploads\/2024\/01\/Verpackung.png 622w, https:\/\/www.rcp-ranstadt.com\/wp-content\/uploads\/2024\/01\/Verpackung-300x266.png 300w, https:\/\/www.rcp-ranstadt.com\/wp-content\/uploads\/2024\/01\/Verpackung-466x414.png 466w, https:\/\/www.rcp-ranstadt.com\/wp-content\/uploads\/2024\/01\/Verpackung-350x311.png 350w\" alt=\"Verpackung RCP\" width=\"622\" height=\"552\" \/> <a title=\"RCP-1-1500\" href=\"\/\" target=\"_self\" rel=\"noopener\"> <img loading=\"lazy\" decoding=\"async\" title=\"RCP-1-1500\" src=\"https:\/\/www.rcp-ranstadt.com\/wp-content\/uploads\/2017\/07\/RCP-1-1500.png\" sizes=\"(max-width: 768px) 100vw, 100vw\" srcset=\"https:\/\/www.rcp-ranstadt.com\/wp-content\/uploads\/2017\/07\/RCP-1-1500.png 1500w, https:\/\/www.rcp-ranstadt.com\/wp-content\/uploads\/2017\/07\/RCP-1-1500-300x158.png 300w, https:\/\/www.rcp-ranstadt.com\/wp-content\/uploads\/2017\/07\/RCP-1-1500-1024x541.png 1024w, https:\/\/www.rcp-ranstadt.com\/wp-content\/uploads\/2017\/07\/RCP-1-1500-768x406.png 768w, https:\/\/www.rcp-ranstadt.com\/wp-content\/uploads\/2017\/07\/RCP-1-1500-1400x739.png 1400w, https:\/\/www.rcp-ranstadt.com\/wp-content\/uploads\/2017\/07\/RCP-1-1500-700x370.png 700w, https:\/\/www.rcp-ranstadt.com\/wp-content\/uploads\/2017\/07\/RCP-1-1500-466x246.png 466w, https:\/\/www.rcp-ranstadt.com\/wp-content\/uploads\/2017\/07\/RCP-1-1500-933x493.png 933w, https:\/\/www.rcp-ranstadt.com\/wp-content\/uploads\/2017\/07\/RCP-1-1500-350x185.png 350w\" alt=\"RCP-1-1500\" width=\"1500\" height=\"792\" data-link-type=\"url\" \/> <\/a> <a role=\"button\" href=\"\/de\/kontakt\/\" target=\"_self\" rel=\"noopener\"> Kontaktformular <\/a><\/p>\n<h5>RCP Ranstadt GmbH<\/h5>\n<p>Bahnhofstrasse 25,<br \/>D-63691 Ranstadt<\/p>\n<p>Tel. <a href=\"tel:+49%206041%208020\" target=\"_blank\" rel=\"noopener\">+49 6041 8020<\/a><\/p>\n<p>\u00a9 2023 RCP Ranstadt GmbH \u2219 Web by <a href=\"https:\/\/b2-performance.es\" target=\"_blank\" rel=\"noopener\">B2 Performance<\/a> \u2219 <a href=\"https:\/\/www.rcp-ranstadt.com\/de\/privacy-statement-eu\/?cmplz_region_redirect=true\">Privacy<\/a> \u2219 <a href=\"https:\/\/www.rcp-ranstadt.com\/disclaimer\/\">Terms of Use<\/a> \u2219 <a href=\"\/terms-and-conditions\/\">Terms and Conditions<\/a> \u2219 <a href=\"https:\/\/www.rcp-ranstadt.com\/imprint\/\">Imprint<\/a><\/p>\n\t\t\t\t\t\t<\/div>\n\t\t\t\t<\/div>\n\t\t\t\t\t<\/div>\n\t\t\t\t<\/div>\n\t\t\t\t<\/div>\n\t\t","protected":false},"excerpt":{"rendered":"<p>AUFTRAGSFERTIGUNG RCP bietet hochwertige Komplettl\u00f6sungen f\u00fcr die Lohnsherstellung an, die Produktentwicklungen, Stabilit\u00e4tstests, Beschaffung, Massenmischung, Abf\u00fcllung und Verpackung inkludieren. Mit modernen Produktionsanlagen bieten wir flexible und hocheffiziente Fertigungsm\u00f6glichkeiten f\u00fcr verschiedene Produktkategorien wie K\u00f6rperpflege, Reinigungsmittel und Haushaltsmittel an. Neben unserem Qualit\u00e4tsbewusstsein haben wir uns zur Nachhaltigkeit verpflichtet und bieten unseren Kunden verschiedene umweltfreundliche Verpackungsalternativen, die es erm\u00f6glichen,&#8230;<\/p>\n","protected":false},"author":1,"featured_media":0,"parent":0,"menu_order":0,"comment_status":"closed","ping_status":"closed","template":"","meta":{"inline_featured_image":false,"footnotes":""},"class_list":["post-19003","page","type-page","status-publish","hentry"],"jetpack_sharing_enabled":true,"_links":{"self":[{"href":"https:\/\/www.rcp-ranstadt.com\/de\/wp-json\/wp\/v2\/pages\/19003","targetHints":{"allow":["GET"]}}],"collection":[{"href":"https:\/\/www.rcp-ranstadt.com\/de\/wp-json\/wp\/v2\/pages"}],"about":[{"href":"https:\/\/www.rcp-ranstadt.com\/de\/wp-json\/wp\/v2\/types\/page"}],"author":[{"embeddable":true,"href":"https:\/\/www.rcp-ranstadt.com\/de\/wp-json\/wp\/v2\/users\/1"}],"replies":[{"embeddable":true,"href":"https:\/\/www.rcp-ranstadt.com\/de\/wp-json\/wp\/v2\/comments?post=19003"}],"version-history":[{"count":7,"href":"https:\/\/www.rcp-ranstadt.com\/de\/wp-json\/wp\/v2\/pages\/19003\/revisions"}],"predecessor-version":[{"id":21665,"href":"https:\/\/www.rcp-ranstadt.com\/de\/wp-json\/wp\/v2\/pages\/19003\/revisions\/21665"}],"wp:attachment":[{"href":"https:\/\/www.rcp-ranstadt.com\/de\/wp-json\/wp\/v2\/media?parent=19003"}],"curies":[{"name":"wp","href":"https:\/\/api.w.org\/{rel}","templated":true}]}}