{"id":18999,"date":"2016-12-05T16:29:56","date_gmt":"2016-12-05T15:29:56","guid":{"rendered":"https:\/\/www.rcp-ranstadt.com\/home\/"},"modified":"2025-06-13T09:17:02","modified_gmt":"2025-06-13T07:17:02","slug":"home","status":"publish","type":"page","link":"https:\/\/www.rcp-ranstadt.com\/de\/","title":{"rendered":"Home"},"content":{"rendered":"\t\t<div data-elementor-type=\"wp-page\" data-elementor-id=\"18999\" class=\"elementor elementor-18999 elementor-11419\">\n\t\t\t\t\t\t<section class=\"elementor-section elementor-top-section elementor-element elementor-element-259f3bed elementor-section-boxed elementor-section-height-default elementor-section-height-default\" data-id=\"259f3bed\" data-element_type=\"section\">\n\t\t\t\t\t\t<div class=\"elementor-container elementor-column-gap-default\">\n\t\t\t\t\t<div class=\"elementor-column elementor-col-100 elementor-top-column elementor-element elementor-element-6c1b94c0\" data-id=\"6c1b94c0\" data-element_type=\"column\">\n\t\t\t<div class=\"elementor-widget-wrap elementor-element-populated\">\n\t\t\t\t\t\t<div class=\"elementor-element elementor-element-4b80c808 elementor-widget elementor-widget-text-editor\" data-id=\"4b80c808\" data-element_type=\"widget\" data-widget_type=\"text-editor.default\">\n\t\t\t\t<div class=\"elementor-widget-container\">\n\t\t\t<style>\/*! elementor - v3.21.0 - 26-05-2024 *\/\n.elementor-widget-text-editor.elementor-drop-cap-view-stacked .elementor-drop-cap{background-color:#69727d;color:#fff}.elementor-widget-text-editor.elementor-drop-cap-view-framed .elementor-drop-cap{color:#69727d;border:3px solid;background-color:transparent}.elementor-widget-text-editor:not(.elementor-drop-cap-view-default) .elementor-drop-cap{margin-top:8px}.elementor-widget-text-editor:not(.elementor-drop-cap-view-default) .elementor-drop-cap-letter{width:1em;height:1em}.elementor-widget-text-editor .elementor-drop-cap{float:left;text-align:center;line-height:1;font-size:50px}.elementor-widget-text-editor .elementor-drop-cap-letter{display:inline-block}<\/style>\t\t\t\t\n<h3>Fullservice-Auftragsfertigung<\/h3>\n<p>Wir bieten erstklassige, umfassende Auftragsfertigung an, die unser hervorragendes Lieferantennetzwerk, erfahrene Fachkr\u00e4fte und ein starkes Engagement f\u00fcr Exzellenz nutzt.<\/p>\n<h3><a title=\"Herstellung von Handelsmarken\" href=\"\/produkte-l\u00f6sungen\/maschinenbau\" target=\"_self\" rel=\"noopener\"> Herstellung von Handelsmarken <\/a><\/h3>\n<p>RCP ist f\u00fchrend in der Herstellung von Handelsmarken und bietet ma\u00dfgeschneiderte Verpackungsl\u00f6sungen, die es Einzelhandelsmarken erm\u00f6glichen, ihre Identit\u00e4tsmerkmale zu etablieren und die Marktanforderungen optimal zu erf\u00fcllen.<\/p>\n<h3><a title=\"Produktentwicklung &amp; Optimierung\" href=\"\/produkte-l\u00f6sungen\/maschinenbau\" target=\"_self\" rel=\"noopener\"> Produktentwicklung &amp; Optimierung <\/a><\/h3>\n<p>Innovative Produktentwicklungs- und Optimierungsdienstleistungen zur Verbesserung von Qualit\u00e4t und Effizienz unter Ber\u00fccksichtigung von Marktanforderungen und Kundenspezifikationen.<\/p>\n<h3>Abf\u00fcllung &amp; Verpackung<\/h3>\n<p>Mit unseren ma\u00dfgeschneiderten Verpackungs- und Qualifizierungsservices stellen wir Ihre spezifischen Anforderungen in den Vordergrund, um die Produktqualit\u00e4t zu garantieren und die Wettbewerbsf\u00e4higkeit zu steigern.<\/p>\n<h2>70 JAHRE<br \/><strong>SERVICE-ERFAHRUNG<br \/><\/strong><\/h2>\n<p>Von seinem Standort im Herzen Europas aus hat sich RCP <strong>seit 1953<\/strong> zu einem f\u00fchrenden <strong>europ\u00e4ischen Auftragsfertiger<\/strong> und <strong>Handelsmarkenproduzenten<\/strong> entwickelt, vorwiegend f\u00fcr die Kategorien K\u00f6rperpflege und Haushaltsmittel.<\/p>\n<p>RCP inspiriert <strong>FMCG-Marken<\/strong>, <strong>Einzelh\u00e4ndler<\/strong> und Endverbraucher mit <strong>exzellenter Produktqualit\u00e4t und nachhaltigen Verpackungsl\u00f6sungen<\/strong> Made in Germany.<\/p>\n<p>RCP-Produkte sind <strong>in ganz Europa und sogar weltweit<\/strong> erh\u00e4ltlich, da etwa 50 % der Endverbraucherprodukte au\u00dferhalb der DACH-Region abgesetzt werden.n.<\/p>\n<p><a role=\"button\" href=\"https:\/\/www.rcp-ranstadt.com\/about\/\" target=\"_self\" rel=\"noopener\"> \u00dcber Uns <\/a> Seit 1953<br \/>AUFTRAGSFERTIGUNG (CONTRACT MANUFACTURING) &amp;<br \/>EIGENMARKEN (PRIVATE LABLE) F\u00dcR IHRE MARKE<\/p>\n<h2>Unser Full-Service<br \/><strong>-Angebot<\/strong><\/h2>\n<p>Die Full-Service-Auftragsfertigung von RCP zeichnet sich durch ihre <strong>langj\u00e4hrige Erfahrung<\/strong>, das <strong>hauseigene Forschungs- und Entwicklungszentrum<\/strong>, <strong>moderne Abf\u00fcllanlagen<\/strong> und <strong>Mischeinrichtungen<\/strong> aus.<\/p>\n<p><strong>Wir bieten:<\/strong><\/p>\n<p>&#8211; Produktentwicklung -Verpackung<\/p>\n<p>&#8211; Verpackungs- und Rezepturstabilit\u00e4tstests<\/p>\n<p>&#8211; Beschaffung von Rohstoffen, Verpackungen und Substanzen<\/p>\n<p>&#8211; F\u00fcllung und Verpackung von Einzelt\u00fcchern in Packungen<\/p>\n<p>&#8211; Abf\u00fcllen und Verpacken von fl\u00fcssigen oder pulverf\u00f6rmigen Massen in Sachets, Standbodenbeutel und Dosen<\/p>\n<p>&#8211; Logistik<\/p>\n<p>Mit unseren <strong>umfassenden Dienstleistungen<\/strong> und unserer <strong>Zuverl\u00e4ssigkeit<\/strong> sind wir Ihr zuverl\u00e4ssiger Produktionspartner sowohl f\u00fcr <strong>Marken<\/strong>&#8211; als auch f\u00fcr <strong>Eigenmarkenprodukte<\/strong>.<\/p>\n<p><a role=\"button\" href=\"https:\/\/www.rcp-ranstadt.com\/our-services\/\" target=\"_self\" rel=\"noopener\"> Mehr erfahren <\/a><\/p>\n<h2>Beste deutsche<br \/><strong>Qualit\u00e4t<\/strong><\/h2>\n<p>Unsere Zertifizierungen, darunter IFS HPC, ecovadis und weitere, verdeutlichen unser Engagement f\u00fcr:<\/p>\n<ul>\n<li>&#8211; au\u00dfergew\u00f6hnliche Qualit\u00e4t<\/li>\n<li>&#8211; Nachhaltigkeit<\/li>\n<li>&#8211; hohe Kundenzufriedenheit<\/li>\n<li>Erf\u00fcllung der Qualit\u00e4tsanspr\u00fcche unserer Kunden<\/li>\n<\/ul>\n<p><b>W\u00fcnschen Sie weitere Informationen? <\/b><br \/>Kontaktieren Sie unser Qualit\u00e4tssicherungsteam<br \/><a href=\"mailto:quality@rcp-ranstadt.com\">quality@rcp-ranstadt.com<\/a> <img fetchpriority=\"high\" decoding=\"async\" title=\"Picture22\" src=\"https:\/\/www.rcp-ranstadt.com\/wp-content\/uploads\/2023\/06\/Picture22-466x442.png\" sizes=\"(max-width: 768px) 100vw, 100vw\" srcset=\"https:\/\/www.rcp-ranstadt.com\/wp-content\/uploads\/2023\/06\/Picture22-466x442.png 466w, https:\/\/www.rcp-ranstadt.com\/wp-content\/uploads\/2023\/06\/Picture22-300x284.png 300w, https:\/\/www.rcp-ranstadt.com\/wp-content\/uploads\/2023\/06\/Picture22-700x663.png 700w, https:\/\/www.rcp-ranstadt.com\/wp-content\/uploads\/2023\/06\/Picture22-350x332.png 350w, https:\/\/www.rcp-ranstadt.com\/wp-content\/uploads\/2023\/06\/Picture22.png 745w\" alt=\"Picture22\" width=\"466\" height=\"442\" \/> <img decoding=\"async\" title=\"Picture25\" src=\"https:\/\/www.rcp-ranstadt.com\/wp-content\/uploads\/2023\/06\/Picture25.png\" sizes=\"(max-width: 768px) 100vw, 100vw\" srcset=\"https:\/\/www.rcp-ranstadt.com\/wp-content\/uploads\/2023\/06\/Picture25.png 745w, https:\/\/www.rcp-ranstadt.com\/wp-content\/uploads\/2023\/06\/Picture25-300x284.png 300w, https:\/\/www.rcp-ranstadt.com\/wp-content\/uploads\/2023\/06\/Picture25-700x663.png 700w, https:\/\/www.rcp-ranstadt.com\/wp-content\/uploads\/2023\/06\/Picture25-466x442.png 466w, https:\/\/www.rcp-ranstadt.com\/wp-content\/uploads\/2023\/06\/Picture25-350x332.png 350w\" alt=\"Picture25\" width=\"745\" height=\"706\" \/> <img decoding=\"async\" src=\"https:\/\/www.rcp-ranstadt.com\/wp-content\/plugins\/beaver-builder-lite-version\/img\/pixel.png\" alt=\"\" \/> <img decoding=\"async\" title=\"Picture23\" src=\"https:\/\/www.rcp-ranstadt.com\/wp-content\/uploads\/2023\/06\/Picture23-466x441.png\" sizes=\"(max-width: 768px) 100vw, 100vw\" srcset=\"https:\/\/www.rcp-ranstadt.com\/wp-content\/uploads\/2023\/06\/Picture23-466x441.png 466w, https:\/\/www.rcp-ranstadt.com\/wp-content\/uploads\/2023\/06\/Picture23-300x284.png 300w, https:\/\/www.rcp-ranstadt.com\/wp-content\/uploads\/2023\/06\/Picture23-700x662.png 700w, https:\/\/www.rcp-ranstadt.com\/wp-content\/uploads\/2023\/06\/Picture23-350x331.png 350w, https:\/\/www.rcp-ranstadt.com\/wp-content\/uploads\/2023\/06\/Picture23.png 745w\" alt=\"Picture23\" width=\"466\" height=\"441\" \/> <img loading=\"lazy\" decoding=\"async\" title=\"FSC_logo_homepage\" src=\"http:\/\/www.rcp-ranstadt.com\/wp-content\/uploads\/2023\/09\/FSC_logo_homepage.jpg\" sizes=\"(max-width: 768px) 100vw, 100vw\" srcset=\"https:\/\/www.rcp-ranstadt.com\/wp-content\/uploads\/2023\/09\/FSC_logo_homepage.jpg 350w, https:\/\/www.rcp-ranstadt.com\/wp-content\/uploads\/2023\/09\/FSC_logo_homepage-300x285.jpg 300w\" alt=\"FSC_logo_homepage\" width=\"350\" height=\"332\" \/> <img loading=\"lazy\" decoding=\"async\" title=\"Picture24\" src=\"https:\/\/www.rcp-ranstadt.com\/wp-content\/uploads\/2023\/06\/Picture24-466x440.png\" sizes=\"(max-width: 768px) 100vw, 100vw\" srcset=\"https:\/\/www.rcp-ranstadt.com\/wp-content\/uploads\/2023\/06\/Picture24-466x440.png 466w, https:\/\/www.rcp-ranstadt.com\/wp-content\/uploads\/2023\/06\/Picture24-300x284.png 300w, https:\/\/www.rcp-ranstadt.com\/wp-content\/uploads\/2023\/06\/Picture24-700x662.png 700w, https:\/\/www.rcp-ranstadt.com\/wp-content\/uploads\/2023\/06\/Picture24-350x331.png 350w, https:\/\/www.rcp-ranstadt.com\/wp-content\/uploads\/2023\/06\/Picture24.png 746w\" alt=\"Picture24\" width=\"466\" height=\"440\" \/> <img loading=\"lazy\" decoding=\"async\" title=\"Picture27\" src=\"https:\/\/www.rcp-ranstadt.com\/wp-content\/uploads\/2023\/06\/Picture27.png\" sizes=\"(max-width: 768px) 100vw, 100vw\" srcset=\"https:\/\/www.rcp-ranstadt.com\/wp-content\/uploads\/2023\/06\/Picture27.png 746w, https:\/\/www.rcp-ranstadt.com\/wp-content\/uploads\/2023\/06\/Picture27-300x284.png 300w, https:\/\/www.rcp-ranstadt.com\/wp-content\/uploads\/2023\/06\/Picture27-700x662.png 700w, https:\/\/www.rcp-ranstadt.com\/wp-content\/uploads\/2023\/06\/Picture27-466x441.png 466w, https:\/\/www.rcp-ranstadt.com\/wp-content\/uploads\/2023\/06\/Picture27-350x331.png 350w\" alt=\"Picture27\" width=\"746\" height=\"706\" \/><\/p>\n<h5>WIR STEHEN F\u00dcR INNOVATION<\/h5>\n<h2>Nachhaltigkeit<br \/><strong>als Ziel<\/strong><\/h2>\n<p>RCP strebt die <strong>Reduzierung des Verpackungsmaterialverbrauchs<\/strong>, die Ausarbeitung <strong>nachhaltiger Verpackungsl\u00f6sungen<\/strong> und die Gew\u00e4hrleistung der <strong>Wiederverwertbarkeit<\/strong> oder <strong>biologischen Abbaubarkeit<\/strong> von Verpackungsmaterialien an.<\/p>\n<h4>Reduzierung des Verpackungsmaterials<\/h4>\n<p>Wir bem\u00fchen uns, Abfall zu reduzieren, indem wir den Einsatz von Verpackungsmaterial minimieren. Mit unserer innovativen Re2-Mono-Folie k\u00f6nnen wir zum Beispiel Feuchtt\u00fccher in Sachet verpacken, die 45 % weniger Material und 99 % weniger Aluminium enthalten als Standard-Sachet, was unseren gesamten Materialverbrauch erheblich reduziert.<\/p>\n<h4>Wiederverwendbarkeit<\/h4>\n<p>Wir setzen auf umweltfreundliche Verfahren und verwenden zunehmend recycelbare Monomaterial-Folien, recycelte und FSC-zertifizierte Pappe, FSC-zertifizierten Zellstoff und umweltfreundliche Bulk-Inhaltsstoffe.<\/p>\n<h4>Abfallreduzierung<\/h4>\n<p>Wir verpflichten uns, unsere Produktionsabf\u00e4lle zu reduzieren und die Energieeffizienz zu verbessern, um einen umweltfreundlicheren Herstellungsprozess zu gew\u00e4hrleisten.<\/p>\n<h2>4 Verpackungsarten<br \/><strong>Tausende von Produktm\u00f6glichkeiten<\/strong><\/h2>\n<p><a title=\"Packaging--RCP-2\" href=\"https:\/\/www.rcp-ranstadt.com\/packaging-solutions\/#sachet\" target=\"_self\" rel=\"noopener\"> <img loading=\"lazy\" decoding=\"async\" title=\"Packaging--RCP-2\" src=\"https:\/\/www.rcp-ranstadt.com\/wp-content\/uploads\/2023\/07\/Packaging-RCP-2-e1689322160769.webp\" sizes=\"(max-width: 768px) 100vw, 100vw\" srcset=\"https:\/\/www.rcp-ranstadt.com\/wp-content\/uploads\/2023\/07\/Packaging-RCP-2-e1689322160769.webp 521w, https:\/\/www.rcp-ranstadt.com\/wp-content\/uploads\/2023\/07\/Packaging-RCP-2-e1689322160769-173x300.webp 173w, https:\/\/www.rcp-ranstadt.com\/wp-content\/uploads\/2023\/07\/Packaging-RCP-2-e1689322160769-466x807.webp 466w, https:\/\/www.rcp-ranstadt.com\/wp-content\/uploads\/2023\/07\/Packaging-RCP-2-e1689322160769-350x606.webp 350w\" alt=\"Packaging--RCP-2\" width=\"521\" height=\"902\" data-link-type=\"url\" \/> <\/a> <a href=\"https:\/\/www.rcp-ranstadt.com\/de\/verpackungsloesungen\/#sachet\"><strong>BEUTEL<br \/>MIT TUCH<\/strong><\/a> <a title=\"Sealed-Sachet-RCP\" href=\"https:\/\/www.rcp-ranstadt.com\/packaging-solutions\/#sealed\" target=\"_self\" rel=\"noopener\"> <img loading=\"lazy\" decoding=\"async\" title=\"Sealed-Sachet-RCP\" src=\"https:\/\/www.rcp-ranstadt.com\/wp-content\/uploads\/2023\/07\/Sealed-Sachet-RCP-e1689323950147.webp\" sizes=\"(max-width: 768px) 100vw, 100vw\" srcset=\"https:\/\/www.rcp-ranstadt.com\/wp-content\/uploads\/2023\/07\/Sealed-Sachet-RCP-e1689323950147.webp 455w, https:\/\/www.rcp-ranstadt.com\/wp-content\/uploads\/2023\/07\/Sealed-Sachet-RCP-e1689323950147-231x300.webp 231w, https:\/\/www.rcp-ranstadt.com\/wp-content\/uploads\/2023\/07\/Sealed-Sachet-RCP-e1689323950147-350x454.webp 350w\" alt=\"Sealed-Sachet-RCP\" width=\"455\" height=\"590\" data-link-type=\"url\" \/> <\/a> <br \/><a href=\"https:\/\/www.rcp-ranstadt.com\/de\/produkt-portfolio\/\">BEUTEL<\/a> <a title=\"Stand-up-Pouch\" href=\"https:\/\/www.rcp-ranstadt.com\/packaging-solutions\/#standup\" target=\"_self\" rel=\"noopener\"> <img loading=\"lazy\" decoding=\"async\" title=\"Stand-up-Pouch\" src=\"https:\/\/www.rcp-ranstadt.com\/wp-content\/uploads\/2023\/07\/Stand-up-Pouch-e1689324390291.webp\" sizes=\"(max-width: 768px) 100vw, 100vw\" srcset=\"https:\/\/www.rcp-ranstadt.com\/wp-content\/uploads\/2023\/07\/Stand-up-Pouch-e1689324390291.webp 420w, https:\/\/www.rcp-ranstadt.com\/wp-content\/uploads\/2023\/07\/Stand-up-Pouch-e1689324390291-204x300.webp 204w, https:\/\/www.rcp-ranstadt.com\/wp-content\/uploads\/2023\/07\/Stand-up-Pouch-e1689324390291-350x514.webp 350w\" alt=\"Stand-up-Pouch\" width=\"420\" height=\"617\" data-link-type=\"url\" \/> <\/a> <a href=\"https:\/\/www.rcp-ranstadt.com\/de\/verpackungsloesungen\/#standup\"><strong>STEH<br \/>BEUTEL<\/strong><\/a> <a title=\"Cans-jars-rcp\" href=\"https:\/\/www.rcp-ranstadt.com\/packaging-solutions\/#can\" target=\"_self\" rel=\"noopener\"> <img loading=\"lazy\" decoding=\"async\" title=\"Cans-jars-rcp\" src=\"https:\/\/www.rcp-ranstadt.com\/wp-content\/uploads\/2023\/07\/Packaging-RCP-plastic-1d-1056x1076.png\" alt=\"Cans-jars-rcp\" width=\"1056\" height=\"1076\" data-link-type=\"url\" \/> <\/a> <a href=\"https:\/\/www.rcp-ranstadt.com\/de\/produkt-portfolio\/#can\"><strong>DOSEN \/ BEH\u00c4LTER<br \/><\/strong><\/a><\/p>\n<h5>JOBS<\/h5>\n<h2>Gemeinsam<br \/><strong>wachsen<\/strong><\/h2>\n<p>Werden Sie Teil unseres erfahrenen Teams bei RCP, wo wir auf eine innovative, integrative und kreative Unternehmenskultur Wert legen. Gemeinsam streben wir danach, die Welt durch unsere nachhaltigen Verpackungsl\u00f6sungen zu verbessern. Gemeinsam wollen wir die Umwelt durch unsere nachhaltigen Verpackungsl\u00f6sungen nachhaltig verbessern.<\/p>\n<p><a role=\"button\" href=\"\/jobs\/\" target=\"_self\" rel=\"noopener\"> Zu den offenen Stellen <\/a><\/p>\n<h5>KUNDEN<\/h5>\n<h2>Innovative L\u00f6sungen<br \/><strong>f\u00fcr ma\u00dfgefertigte Produkte<\/strong><\/h2>\n<p>Bei RCP erm\u00f6glichen wir es unseren Kunden, ihr <strong>Produktportfolio entsprechend den Marktanforderungen anzupassen<\/strong> und zu erweitern. Wir stellen Produkte f\u00fcr ihre Marken oder Eigenmarken her, mit hohen Qualit\u00e4tsstandards und zu wettbewerbsf\u00e4higen Preisen. Als <strong>Handelsmarkenhersteller<\/strong> und <strong>Auftragsverpacker<\/strong> bieten wir L\u00f6sungen f\u00fcr fertigungstechnische Belange, einschlie\u00dflich Entwicklungs- und Optimierungsvorschl\u00e4ge f\u00fcr Verpackungen und Produktabmessungen zur Realisierung von Einsparpotenzialen..<\/p>\n<p>\u00a0<\/p>\n\t\t\t\t\t\t<\/div>\n\t\t\t\t<\/div>\n\t\t\t\t\t<\/div>\n\t\t<\/div>\n\t\t\t\t\t<\/div>\n\t\t<\/section>\n\t\t\t\t<\/div>\n\t\t","protected":false},"excerpt":{"rendered":"<p>Fullservice-Auftragsfertigung Wir bieten erstklassige, umfassende Auftragsfertigung an, die unser hervorragendes Lieferantennetzwerk, erfahrene Fachkr\u00e4fte und ein starkes Engagement f\u00fcr Exzellenz nutzt. Herstellung von Handelsmarken RCP ist f\u00fchrend in der Herstellung von Handelsmarken und bietet ma\u00dfgeschneiderte Verpackungsl\u00f6sungen, die es Einzelhandelsmarken erm\u00f6glichen, ihre Identit\u00e4tsmerkmale zu etablieren und die Marktanforderungen optimal zu erf\u00fcllen. Produktentwicklung &amp; Optimierung Innovative Produktentwicklungs- und&#8230;<\/p>\n","protected":false},"author":1,"featured_media":0,"parent":0,"menu_order":0,"comment_status":"closed","ping_status":"closed","template":"","meta":{"inline_featured_image":false,"footnotes":""},"class_list":["post-18999","page","type-page","status-publish","hentry"],"jetpack_sharing_enabled":true,"_links":{"self":[{"href":"https:\/\/www.rcp-ranstadt.com\/de\/wp-json\/wp\/v2\/pages\/18999","targetHints":{"allow":["GET"]}}],"collection":[{"href":"https:\/\/www.rcp-ranstadt.com\/de\/wp-json\/wp\/v2\/pages"}],"about":[{"href":"https:\/\/www.rcp-ranstadt.com\/de\/wp-json\/wp\/v2\/types\/page"}],"author":[{"embeddable":true,"href":"https:\/\/www.rcp-ranstadt.com\/de\/wp-json\/wp\/v2\/users\/1"}],"replies":[{"embeddable":true,"href":"https:\/\/www.rcp-ranstadt.com\/de\/wp-json\/wp\/v2\/comments?post=18999"}],"version-history":[{"count":28,"href":"https:\/\/www.rcp-ranstadt.com\/de\/wp-json\/wp\/v2\/pages\/18999\/revisions"}],"predecessor-version":[{"id":21987,"href":"https:\/\/www.rcp-ranstadt.com\/de\/wp-json\/wp\/v2\/pages\/18999\/revisions\/21987"}],"wp:attachment":[{"href":"https:\/\/www.rcp-ranstadt.com\/de\/wp-json\/wp\/v2\/media?parent=18999"}],"curies":[{"name":"wp","href":"https:\/\/api.w.org\/{rel}","templated":true}]}}