{"id":17447,"date":"2023-06-19T07:10:35","date_gmt":"2023-06-19T05:10:35","guid":{"rendered":"https:\/\/www.rcp-ranstadt.com\/?page_id=17447"},"modified":"2025-01-21T15:10:10","modified_gmt":"2025-01-21T14:10:10","slug":"about-rcp","status":"publish","type":"page","link":"https:\/\/www.rcp-ranstadt.com\/de\/about-rcp\/","title":{"rendered":"\u00dcBER RCP"},"content":{"rendered":"\t\t<div data-elementor-type=\"wp-page\" data-elementor-id=\"17447\" class=\"elementor elementor-17447 elementor-18941\">\n\t\t\t\t<div class=\"elementor-element elementor-element-3a66f9f8 e-flex e-con-boxed e-con e-parent\" data-id=\"3a66f9f8\" data-element_type=\"container\">\n\t\t\t\t\t<div class=\"e-con-inner\">\n\t\t\t\t<div class=\"elementor-element elementor-element-465d9a0f elementor-widget elementor-widget-text-editor\" data-id=\"465d9a0f\" data-element_type=\"widget\" data-widget_type=\"text-editor.default\">\n\t\t\t\t<div class=\"elementor-widget-container\">\n\t\t\t<style>\/*! elementor - v3.21.0 - 26-05-2024 *\/\n.elementor-widget-text-editor.elementor-drop-cap-view-stacked .elementor-drop-cap{background-color:#69727d;color:#fff}.elementor-widget-text-editor.elementor-drop-cap-view-framed .elementor-drop-cap{color:#69727d;border:3px solid;background-color:transparent}.elementor-widget-text-editor:not(.elementor-drop-cap-view-default) .elementor-drop-cap{margin-top:8px}.elementor-widget-text-editor:not(.elementor-drop-cap-view-default) .elementor-drop-cap-letter{width:1em;height:1em}.elementor-widget-text-editor .elementor-drop-cap{float:left;text-align:center;line-height:1;font-size:50px}.elementor-widget-text-editor .elementor-drop-cap-letter{display:inline-block}<\/style>\t\t\t\t\n<h2><strong>EIN STANDORT<\/strong><\/h2>\n<h2>ZAHLREICHE SERVICES<\/h2>\n<p>200<\/p>\n<p><b>MITARBEITER<\/b><\/p>\n<p>50<\/p>\n<p><b>PRODUKTIONS-<br \/>ANLAGEN<\/b><\/p>\n<p>&gt;500 <b>VERSCHIEDENE<br \/>ARTIKEL<\/b><\/p>\n<h2>\u00a0<\/h2>\n<p>In Zusammenarbeit mit internationalen FMCG-Marken und Einzelh\u00e4ndlern fertigt RCP<br \/>Konsumprodukte haupts\u00e4chlich f\u00fcr die Kategorien <a href=\"https:\/\/www.rcp-ranstadt.com\/de\/koerperpflegeprodukte\/\">K\u00f6rperpflege<\/a> und <a href=\"https:\/\/www.rcp-ranstadt.com\/de\/haushaltspflege\/\">Haushaltspflege<\/a> her. RCP-Produkte werden in ganz Europa und sogar weltweit vertrieben. 50 % der Endprodukte<br \/>werden in anderen Regionen als der DACH-Region verkauft.<\/p>\n<h2><strong>UNTERNEHMENS-GESCHICHTE<\/strong><\/h2>\n<p><img fetchpriority=\"high\" decoding=\"async\" title=\"first1\" src=\"https:\/\/www.rcp-ranstadt.com\/wp-content\/uploads\/2023\/06\/first1.jpg\" sizes=\"(max-width: 768px) 100vw, 100vw\" srcset=\"https:\/\/www.rcp-ranstadt.com\/wp-content\/uploads\/2023\/06\/first1.jpg 497w, https:\/\/www.rcp-ranstadt.com\/wp-content\/uploads\/2023\/06\/first1-279x300.jpg 279w, https:\/\/www.rcp-ranstadt.com\/wp-content\/uploads\/2023\/06\/first1-466x501.jpg 466w, https:\/\/www.rcp-ranstadt.com\/wp-content\/uploads\/2023\/06\/first1-350x376.jpg 350w\" alt=\"first1\" width=\"497\" height=\"534\" \/> <img decoding=\"async\" title=\"first2png\" src=\"https:\/\/www.rcp-ranstadt.com\/wp-content\/uploads\/2023\/06\/first2png.png\" sizes=\"(max-width: 768px) 100vw, 100vw\" srcset=\"https:\/\/www.rcp-ranstadt.com\/wp-content\/uploads\/2023\/06\/first2png.png 339w, https:\/\/www.rcp-ranstadt.com\/wp-content\/uploads\/2023\/06\/first2png-279x300.png 279w\" alt=\"first2png\" width=\"339\" height=\"364\" \/> <img decoding=\"async\" title=\"first3png\" src=\"https:\/\/www.rcp-ranstadt.com\/wp-content\/uploads\/2023\/06\/first3png.png\" sizes=\"(max-width: 768px) 100vw, 100vw\" alt=\"first3png\" width=\"217\" height=\"233\" \/> <img loading=\"lazy\" decoding=\"async\" title=\"Dosenanlage\" src=\"https:\/\/www.rcp-ranstadt.com\/wp-content\/uploads\/2023\/08\/Dosenanlage-350x350.jpg\" sizes=\"\" srcset=\"https:\/\/www.rcp-ranstadt.com\/wp-content\/uploads\/2023\/08\/Dosenanlage-350x350.jpg 350w, https:\/\/www.rcp-ranstadt.com\/wp-content\/uploads\/2023\/08\/Dosenanlage-150x150.jpg 150w, https:\/\/www.rcp-ranstadt.com\/wp-content\/uploads\/2023\/08\/Dosenanlage-100x100.jpg 100w\" alt=\"Dosenanlage\" width=\"350\" height=\"350\" \/> <img loading=\"lazy\" decoding=\"async\" title=\"historical\" src=\"https:\/\/www.rcp-ranstadt.com\/wp-content\/uploads\/2023\/06\/historical.png\" sizes=\"(max-width: 768px) 100vw, 100vw\" srcset=\"https:\/\/www.rcp-ranstadt.com\/wp-content\/uploads\/2023\/06\/historical.png 2942w, https:\/\/www.rcp-ranstadt.com\/wp-content\/uploads\/2023\/06\/historical-300x17.png 300w, https:\/\/www.rcp-ranstadt.com\/wp-content\/uploads\/2023\/06\/historical-1024x58.png 1024w, https:\/\/www.rcp-ranstadt.com\/wp-content\/uploads\/2023\/06\/historical-768x44.png 768w, https:\/\/www.rcp-ranstadt.com\/wp-content\/uploads\/2023\/06\/historical-1536x88.png 1536w, https:\/\/www.rcp-ranstadt.com\/wp-content\/uploads\/2023\/06\/historical-2048x117.png 2048w, https:\/\/www.rcp-ranstadt.com\/wp-content\/uploads\/2023\/06\/historical-1400x80.png 1400w, https:\/\/www.rcp-ranstadt.com\/wp-content\/uploads\/2023\/06\/historical-700x40.png 700w, https:\/\/www.rcp-ranstadt.com\/wp-content\/uploads\/2023\/06\/historical-466x27.png 466w, https:\/\/www.rcp-ranstadt.com\/wp-content\/uploads\/2023\/06\/historical-933x53.png 933w, https:\/\/www.rcp-ranstadt.com\/wp-content\/uploads\/2023\/06\/historical-350x20.png 350w\" alt=\"historical\" width=\"2942\" height=\"168\" \/><\/p>\n<p>1953<\/p>\n<p><b>GR\u00dcNDUNG<\/b><\/p>\n<p>Hassia Verpackung wird er\u00f6ffnet<br \/>und im Jahre 1968 wird die<br \/>heutige RCP Hauptquartier erbaut.<\/p>\n<p>1953-1979<\/p>\n<p><b>FEUCHTT\u00dcCHER &amp; PROBIERGR\u00d6\u00dfEN<\/b><\/p>\n<p>Von Erfrischungst\u00fcchern und Probiergr\u00f6\u00dfen bis zu einem relevanten <a href=\"https:\/\/www.rcp-ranstadt.com\/de\/private-label-produkte\/\">Private Label Hersteller<\/a> von Brillenputzt\u00fcchern.<\/p>\n<p>1984-2019<\/p>\n<p><strong>PORTFOLIO- &amp; KAPAZIT\u00c4TS<br \/>&#8211; ERWEITERUNG<\/strong><\/p>\n<p>Wir werden zu einem Full-Service<br \/>-Auftragsfertiger und<br \/>f\u00fchrenden Eigenmarkenhersteller.<\/p>\n<p>2020-2023<\/p>\n<p><b>NACHHALTIGKEIT &amp;<br \/>INTERNATIONALISIERUNG<\/b><\/p>\n<p>Ausweitung der M\u00e4rkte, Ausbau der Packungsformate und Einf\u00fchrung verschiedener nachhaltiger Verpackungsl\u00f6sungen, darunter auch Branchenneuheiten.<\/p>\n<h2>70 JAHRE<br \/><strong>SERVICE-ERFAHRUNG<br \/><\/strong><\/h2>\n<p>Von seinem Standort im Herzen Europas aus hat sich RCP\u00a0<strong>seit 1953<\/strong>\u00a0zu einem f\u00fchrenden\u00a0<strong>europ\u00e4ischen Auftragsfertiger<\/strong>\u00a0und\u00a0<strong>Handelsmarkenproduzenten<\/strong>\u00a0entwickelt, vorwiegend f\u00fcr die Kategorien <a href=\"https:\/\/www.rcp-ranstadt.com\/de\/koerperpflegeprodukte\/\">K\u00f6rperpflege<\/a> und <a href=\"https:\/\/www.rcp-ranstadt.com\/de\/haushaltspflege\/\">Haushaltsmittel<\/a>.<\/p>\n<p>RCP \u00fcberzeugt\u00a0<strong>FMCG-Marken<\/strong>,\u00a0<strong>Einzelh\u00e4ndler<\/strong>\u00a0und Endverbraucher mit\u00a0<strong>exzellenter Produktqualit\u00e4t und nachhaltigen <a href=\"https:\/\/www.rcp-ranstadt.com\/de\/verpackungsloesungen\/\">Verpackungsl\u00f6sungen<\/a><\/strong>\u00a0Made in Germany.<\/p>\n<p>RCP-Produkte sind\u00a0<strong>in ganz Europa und sogar weltweit<\/strong> erh\u00e4ltlich, da etwa 50 % der Endverbraucherprodukte au\u00dferhalb der DACH-Region abgesetzt werden.<\/p>\n<p>Seit 1953<br \/>AUFTRAGSFERTIGUNG &amp;<br \/>EIGENLABEL F\u00dcR IHRE MARKE <a title=\"RCP-1-1500\" href=\"\/\" target=\"_self\" rel=\"noopener\"> <img loading=\"lazy\" decoding=\"async\" title=\"RCP-1-1500\" src=\"https:\/\/www.rcp-ranstadt.com\/wp-content\/uploads\/2017\/07\/RCP-1-1500.png\" sizes=\"(max-width: 768px) 100vw, 100vw\" srcset=\"https:\/\/www.rcp-ranstadt.com\/wp-content\/uploads\/2017\/07\/RCP-1-1500.png 1500w, https:\/\/www.rcp-ranstadt.com\/wp-content\/uploads\/2017\/07\/RCP-1-1500-300x158.png 300w, https:\/\/www.rcp-ranstadt.com\/wp-content\/uploads\/2017\/07\/RCP-1-1500-1024x541.png 1024w, https:\/\/www.rcp-ranstadt.com\/wp-content\/uploads\/2017\/07\/RCP-1-1500-768x406.png 768w, https:\/\/www.rcp-ranstadt.com\/wp-content\/uploads\/2017\/07\/RCP-1-1500-1400x739.png 1400w, https:\/\/www.rcp-ranstadt.com\/wp-content\/uploads\/2017\/07\/RCP-1-1500-700x370.png 700w, https:\/\/www.rcp-ranstadt.com\/wp-content\/uploads\/2017\/07\/RCP-1-1500-466x246.png 466w, https:\/\/www.rcp-ranstadt.com\/wp-content\/uploads\/2017\/07\/RCP-1-1500-933x493.png 933w, https:\/\/www.rcp-ranstadt.com\/wp-content\/uploads\/2017\/07\/RCP-1-1500-350x185.png 350w\" alt=\"RCP-1-1500\" width=\"1500\" height=\"792\" data-link-type=\"url\" \/> <\/a> <a role=\"button\" href=\"\/de\/kontakt\/\" target=\"_self\" rel=\"noopener\"> Kontaktformular <\/a><\/p>\n<h5>RCP Ranstadt GmbH<\/h5>\n<p>Bahnhofstrasse 25,<br \/>D-63691 Ranstadt<\/p>\n<p>Tel. <a href=\"tel:+49%206041%208020\" target=\"_blank\" rel=\"noopener\">+49 6041 8020<\/a><\/p>\n<p>\u00a9 2023 RCP Ranstadt GmbH \u2219 Web by <a href=\"https:\/\/b2-performance.es\" target=\"_blank\" rel=\"noopener\">B2 Performance<\/a> \u2219 <a href=\"https:\/\/www.rcp-ranstadt.com\/de\/privacy-statement-eu\/?cmplz_region_redirect=true\">Privacy<\/a> \u2219 <a href=\"https:\/\/www.rcp-ranstadt.com\/disclaimer\/\">Terms of Use<\/a> \u2219 <a href=\"\/terms-and-conditions\/\">Terms and Conditions<\/a> \u2219 <a href=\"https:\/\/www.rcp-ranstadt.com\/imprint\/\">Imprint<\/a><\/p>\n\t\t\t\t\t\t<\/div>\n\t\t\t\t<\/div>\n\t\t\t\t\t<\/div>\n\t\t\t\t<\/div>\n\t\t\t\t<\/div>\n\t\t","protected":false},"excerpt":{"rendered":"<p>EIN STANDORT ZAHLREICHE SERVICES 200 MITARBEITER 50 PRODUKTIONS- ANLAGEN >500 VERSCHIEDENE ARTIKEL In Zusammenarbeit mit internationalen FMCG-Marken und Einzelh\u00e4ndlern fertigt RCP Konsumprodukte haupts\u00e4chlich f\u00fcr die Kategorien K\u00f6rperpflege und Haushaltspflege her. RCP-Produkte werden in ganz Europa und sogar weltweit vertrieben. 50 % der Endprodukte werden in anderen Regionen als der DACH-Region verkauft. UNTERNEHMENS-GESCHICHTE 1953 GR\u00dcNDUNG Hassia&#8230;<\/p>\n","protected":false},"author":1,"featured_media":0,"parent":0,"menu_order":0,"comment_status":"closed","ping_status":"closed","template":"","meta":{"inline_featured_image":false,"footnotes":""},"class_list":["post-17447","page","type-page","status-publish","hentry"],"jetpack_sharing_enabled":true,"_links":{"self":[{"href":"https:\/\/www.rcp-ranstadt.com\/de\/wp-json\/wp\/v2\/pages\/17447","targetHints":{"allow":["GET"]}}],"collection":[{"href":"https:\/\/www.rcp-ranstadt.com\/de\/wp-json\/wp\/v2\/pages"}],"about":[{"href":"https:\/\/www.rcp-ranstadt.com\/de\/wp-json\/wp\/v2\/types\/page"}],"author":[{"embeddable":true,"href":"https:\/\/www.rcp-ranstadt.com\/de\/wp-json\/wp\/v2\/users\/1"}],"replies":[{"embeddable":true,"href":"https:\/\/www.rcp-ranstadt.com\/de\/wp-json\/wp\/v2\/comments?post=17447"}],"version-history":[{"count":27,"href":"https:\/\/www.rcp-ranstadt.com\/de\/wp-json\/wp\/v2\/pages\/17447\/revisions"}],"predecessor-version":[{"id":21810,"href":"https:\/\/www.rcp-ranstadt.com\/de\/wp-json\/wp\/v2\/pages\/17447\/revisions\/21810"}],"wp:attachment":[{"href":"https:\/\/www.rcp-ranstadt.com\/de\/wp-json\/wp\/v2\/media?parent=17447"}],"curies":[{"name":"wp","href":"https:\/\/api.w.org\/{rel}","templated":true}]}}